{"id":5246,"date":"2025-05-15T10:37:57","date_gmt":"2025-05-15T08:37:57","guid":{"rendered":"https:\/\/force-promotion.ch\/print-villereuse\/"},"modified":"2025-09-05T08:24:25","modified_gmt":"2025-09-05T06:24:25","slug":"print-villereuse","status":"publish","type":"page","link":"https:\/\/force-promotion.ch\/en\/print-villereuse\/","title":{"rendered":"Print &#8211; Villereuse"},"content":{"rendered":"\t\t<div data-elementor-type=\"wp-page\" data-elementor-id=\"5246\" class=\"elementor elementor-5246 elementor-3223\" data-elementor-post-type=\"page\">\n\t\t\t\t<div class=\"elementor-element elementor-element-e0dbe49 e-flex e-con-boxed e-con e-parent\" data-id=\"e0dbe49\" data-element_type=\"container\" data-e-type=\"container\" data-settings=\"{&quot;jet_parallax_layout_list&quot;:[]}\">\n\t\t\t\t\t<div class=\"e-con-inner\">\n\t\t<div data-dce-background-overlay-color=\"#000000\" data-dce-background-image-url=\"https:\/\/force-promotion.ch\/wp-content\/uploads\/2025\/03\/Escalator_1-scaled.jpg\" class=\"elementor-element elementor-element-f1630d6 e-con-full heading e-flex e-con e-child\" data-id=\"f1630d6\" data-element_type=\"container\" data-e-type=\"container\" data-settings=\"{&quot;background_background&quot;:&quot;classic&quot;,&quot;jet_parallax_layout_list&quot;:[]}\">\n\t\t<div class=\"elementor-element elementor-element-5599348 e-con-full e-flex e-con e-child\" data-id=\"5599348\" data-element_type=\"container\" data-e-type=\"container\" data-settings=\"{&quot;jet_parallax_layout_list&quot;:[]}\">\n\t\t\t\t<div data-dce-title-color=\"#F5F5F5\" class=\"elementor-element elementor-element-e500da8 elementor-widget__width-auto titre-page-print elementor-widget elementor-widget-heading\" data-id=\"e500da8\" data-element_type=\"widget\" data-e-type=\"widget\" data-widget_type=\"heading.default\">\n\t\t\t\t<div class=\"elementor-widget-container\">\n\t\t\t\t\t<h1 class=\"elementor-heading-title elementor-size-default\">Print display<\/h1>\t\t\t\t<\/div>\n\t\t\t\t<\/div>\n\t\t\t\t<\/div>\n\t\t\t\t<\/div>\n\t\t\t\t\t<\/div>\n\t\t\t\t<\/div>\n\t\t<div class=\"elementor-element elementor-element-16fd2a9 e-flex e-con-boxed e-con e-parent\" data-id=\"16fd2a9\" data-element_type=\"container\" data-e-type=\"container\" data-settings=\"{&quot;jet_parallax_layout_list&quot;:[]}\">\n\t\t\t\t\t<div class=\"e-con-inner\">\n\t\t<div class=\"elementor-element elementor-element-f666cb4 e-con-full e-flex e-con e-child\" data-id=\"f666cb4\" data-element_type=\"container\" data-e-type=\"container\" data-settings=\"{&quot;jet_parallax_layout_list&quot;:[]}\">\n\t\t\t\t<div class=\"elementor-element elementor-element-4eb4a48 elementor-widget elementor-widget-heading\" data-id=\"4eb4a48\" data-element_type=\"widget\" data-e-type=\"widget\" data-widget_type=\"heading.default\">\n\t\t\t\t<div class=\"elementor-widget-container\">\n\t\t\t\t\t<h2 class=\"elementor-heading-title elementor-size-default\">An impression of prestige<\/h2>\t\t\t\t<\/div>\n\t\t\t\t<\/div>\n\t\t\t\t<div class=\"elementor-element elementor-element-9fc13a5 elementor-widget elementor-widget-text-editor\" data-id=\"9fc13a5\" data-element_type=\"widget\" data-e-type=\"widget\" data-widget_type=\"text-editor.default\">\n\t\t\t\t<div class=\"elementor-widget-container\">\n\t\t\t\t\t\t\t\t\t<p>Click on our strategic spots to discover a selection of opportunities that will allow you to launch an <span style=\"font-size: 1rem;\">effective and eye-catching print advertising campaign.<\/span><\/p>\t\t\t\t\t\t\t\t<\/div>\n\t\t\t\t<\/div>\n\t\t\t\t<\/div>\n\t\t<div class=\"elementor-element elementor-element-13d9f6b e-con-full e-flex e-con e-child\" data-id=\"13d9f6b\" data-element_type=\"container\" data-e-type=\"container\" data-settings=\"{&quot;jet_parallax_layout_list&quot;:[]}\">\n\t\t\t\t<div class=\"elementor-element elementor-element-429eb65 elementor-widget elementor-widget-heading\" data-id=\"429eb65\" data-element_type=\"widget\" data-e-type=\"widget\" data-widget_type=\"heading.default\">\n\t\t\t\t<div class=\"elementor-widget-container\">\n\t\t\t\t\t<h2 class=\"elementor-heading-title elementor-size-default\"><a href=\"https:\/\/force-promotion.ch\/en\/print\/\">Mont-Blanc Car Park<\/a><\/h2>\t\t\t\t<\/div>\n\t\t\t\t<\/div>\n\t\t\t\t<div class=\"elementor-element elementor-element-7e43165 elementor-widget elementor-widget-heading\" data-id=\"7e43165\" data-element_type=\"widget\" data-e-type=\"widget\" data-widget_type=\"heading.default\">\n\t\t\t\t<div class=\"elementor-widget-container\">\n\t\t\t\t\t<h2 class=\"elementor-heading-title elementor-size-default\"><a href=\"https:\/\/force-promotion.ch\/en\/print-villereuse\/\">Villereuse Car Park<\/a><\/h2>\t\t\t\t<\/div>\n\t\t\t\t<\/div>\n\t\t\t\t<div class=\"elementor-element elementor-element-5f9f22c elementor-widget elementor-widget-heading\" data-id=\"5f9f22c\" data-element_type=\"widget\" data-e-type=\"widget\" data-widget_type=\"heading.default\">\n\t\t\t\t<div class=\"elementor-widget-container\">\n\t\t\t\t\t<h2 class=\"elementor-heading-title elementor-size-default\"><a href=\"https:\/\/force-promotion.ch\/en\/print-street-marketing\/\">Street-marketing<\/a><\/h2>\t\t\t\t<\/div>\n\t\t\t\t<\/div>\n\t\t\t\t<\/div>\n\t\t\t\t<div class=\"elementor-element elementor-element-e3805af elementor-widget elementor-widget-text-editor\" data-id=\"e3805af\" data-element_type=\"widget\" data-e-type=\"widget\" data-widget_type=\"text-editor.default\">\n\t\t\t\t<div class=\"elementor-widget-container\">\n\t\t\t\t\t\t\t\t\t<p data-start=\"207\" data-end=\"444\">Ideally located <strong data-start=\"224\" data-end=\"271\">opposite the Eaux-Vives shopping centre <\/strong>and in the immediate vicinity of tram lines 12 and 17, the <strong data-start=\"329\" data-end=\"354\">Villereuse car park <\/strong>benefits from a<strong data-start=\"370\" data-end=\"397\"> strategic location<\/strong> at the crossroads of urban and tourist flows.<\/p><p data-start=\"446\" data-end=\"750\">It attracts <strong data-start=\"460\" data-end=\"505\">local, trendy and cosmopolitan customers <\/strong>who frequent the trendy shops in the neighbourhood, as well as a <strong data-start=\"567\" data-end=\"589\">tourist public<\/strong> interested in discovering the <strong data-start=\"615\" data-end=\"642\">Old town of Geneva<\/strong> (just a 10-minute walk away), the <strong data-start=\"679\" data-end=\"710\">Natural History Museum <\/strong>or the <strong data-start=\"724\" data-end=\"749\">Watchmaking Museum<\/strong>.<\/p><p data-start=\"752\" data-end=\"1042\">With <strong data-start=\"757\" data-end=\"796\">approximately 1,300 users per day<\/strong>, <strong data-start=\"798\" data-end=\"843\">2,600 probabilities of daily contact<\/strong> and <strong data-start=\"847\" data-end=\"888\">700 vehicles registered every day <\/strong>The Villereuse car park represents a<strong data-start=\"930\" data-end=\"965\"> ideal advertising opportunity <\/strong>for targeted, effective communication in a dynamic, lively environment.<\/p>\t\t\t\t\t\t\t\t<\/div>\n\t\t\t\t<\/div>\n\t\t\t\t<div class=\"elementor-element elementor-element-fd3b9e5 elementor-grid-3 elementor-grid-tablet-2 elementor-grid-mobile-1 elementor-widget elementor-widget-loop-grid\" data-id=\"fd3b9e5\" data-element_type=\"widget\" data-e-type=\"widget\" data-settings=\"{&quot;template_id&quot;:5672,&quot;_skin&quot;:&quot;post&quot;,&quot;columns&quot;:&quot;3&quot;,&quot;columns_tablet&quot;:&quot;2&quot;,&quot;columns_mobile&quot;:&quot;1&quot;,&quot;edit_handle_selector&quot;:&quot;[data-elementor-type=\\&quot;loop-item\\&quot;]&quot;,&quot;row_gap&quot;:{&quot;unit&quot;:&quot;px&quot;,&quot;size&quot;:&quot;&quot;,&quot;sizes&quot;:[]},&quot;row_gap_tablet&quot;:{&quot;unit&quot;:&quot;px&quot;,&quot;size&quot;:&quot;&quot;,&quot;sizes&quot;:[]},&quot;row_gap_mobile&quot;:{&quot;unit&quot;:&quot;px&quot;,&quot;size&quot;:&quot;&quot;,&quot;sizes&quot;:[]}}\" data-widget_type=\"loop-grid.post\">\n\t\t\t\t<div class=\"elementor-widget-container\">\n\t\t\t\t\t\t\t<div class=\"e-loop-nothing-found-message\">\n\t\t<\/div>\n\t\t\t\t\t\t<\/div>\n\t\t\t\t<\/div>\n\t\t\t\t\t<\/div>\n\t\t\t\t<\/div>\n\t\t\t\t<\/div>\n\t\t","protected":false},"excerpt":{"rendered":"<p>Print display An impression of prestige Click on our strategic spots to discover a selection of opportunities that will allow you to launch an effective and eye-catching print advertising campaign. Mont-Blanc Car Park Villereuse Car Park Street-marketing Ideally located opposite the Eaux-Vives shopping centre and in the immediate vicinity of tram lines 12 and 17, [&hellip;]<\/p>\n","protected":false},"author":2,"featured_media":0,"parent":0,"menu_order":0,"comment_status":"closed","ping_status":"closed","template":"elementor_header_footer","meta":{"_seopress_robots_primary_cat":"","_seopress_titles_title":"Affichage Parking Villereuse Gen\u00e8ve - Force Promotion","_seopress_titles_desc":"D\u00e9couvrez nos solutions d'affichage print premium au Parking de Villereuse \u00e0 Gen\u00e8ve, en plein c\u0153ur du quartier des Eaux-Vives. Affichage print et lumineux. ","_seopress_robots_index":"","_monsterinsights_skip_tracking":false,"_monsterinsights_sitenote_active":false,"_monsterinsights_sitenote_note":"","_monsterinsights_sitenote_category":0,"footnotes":""},"class_list":["post-5246","page","type-page","status-publish","hentry"],"_links":{"self":[{"href":"https:\/\/force-promotion.ch\/en\/wp-json\/wp\/v2\/pages\/5246","targetHints":{"allow":["GET"]}}],"collection":[{"href":"https:\/\/force-promotion.ch\/en\/wp-json\/wp\/v2\/pages"}],"about":[{"href":"https:\/\/force-promotion.ch\/en\/wp-json\/wp\/v2\/types\/page"}],"author":[{"embeddable":true,"href":"https:\/\/force-promotion.ch\/en\/wp-json\/wp\/v2\/users\/2"}],"replies":[{"embeddable":true,"href":"https:\/\/force-promotion.ch\/en\/wp-json\/wp\/v2\/comments?post=5246"}],"version-history":[{"count":0,"href":"https:\/\/force-promotion.ch\/en\/wp-json\/wp\/v2\/pages\/5246\/revisions"}],"wp:attachment":[{"href":"https:\/\/force-promotion.ch\/en\/wp-json\/wp\/v2\/media?parent=5246"}],"curies":[{"name":"wp","href":"https:\/\/api.w.org\/{rel}","templated":true}]}}