{"id":5242,"date":"2025-02-21T10:10:48","date_gmt":"2025-02-21T09:10:48","guid":{"rendered":"https:\/\/force-promotion.ch\/media\/"},"modified":"2025-09-05T08:15:14","modified_gmt":"2025-09-05T06:15:14","slug":"media","status":"publish","type":"page","link":"https:\/\/force-promotion.ch\/en\/media\/","title":{"rendered":"Media"},"content":{"rendered":"\t\t<div data-elementor-type=\"wp-page\" data-elementor-id=\"5242\" class=\"elementor elementor-5242 elementor-1332\" data-elementor-post-type=\"page\">\n\t\t\t\t<div class=\"elementor-element elementor-element-41e9b55 e-flex e-con-boxed e-con e-parent\" data-id=\"41e9b55\" data-element_type=\"container\" data-e-type=\"container\" data-settings=\"{&quot;jet_parallax_layout_list&quot;:[]}\">\n\t\t\t\t\t<div class=\"e-con-inner\">\n\t\t<div data-dce-background-image-url=\"https:\/\/force-promotion.ch\/wp-content\/uploads\/2025\/02\/DSC09732-scaled.jpg\" class=\"elementor-element elementor-element-04bf9d0 e-con-full heading e-flex e-con e-child\" data-id=\"04bf9d0\" data-element_type=\"container\" data-e-type=\"container\" data-settings=\"{&quot;background_background&quot;:&quot;classic&quot;,&quot;jet_parallax_layout_list&quot;:[]}\">\n\t\t<div class=\"elementor-element elementor-element-986267b e-con-full e-flex e-con e-child\" data-id=\"986267b\" data-element_type=\"container\" data-e-type=\"container\" data-settings=\"{&quot;jet_parallax_layout_list&quot;:[]}\">\n\t\t\t\t<div class=\"elementor-element elementor-element-7d06c5c elementor-widget__width-auto elementor-widget elementor-widget-heading\" data-id=\"7d06c5c\" data-element_type=\"widget\" data-e-type=\"widget\" data-widget_type=\"heading.default\">\n\t\t\t\t<div class=\"elementor-widget-container\">\n\t\t\t\t\t<h1 class=\"elementor-heading-title elementor-size-default\">Media<\/h1>\t\t\t\t<\/div>\n\t\t\t\t<\/div>\n\t\t\t\t<\/div>\n\t\t\t\t<\/div>\n\t\t\t\t\t<\/div>\n\t\t\t\t<\/div>\n\t\t<div class=\"elementor-element elementor-element-f6d8edb e-flex e-con-boxed e-con e-parent\" data-id=\"f6d8edb\" data-element_type=\"container\" data-e-type=\"container\" data-settings=\"{&quot;jet_parallax_layout_list&quot;:[]}\">\n\t\t\t\t\t<div class=\"e-con-inner\">\n\t\t\t\t<div class=\"elementor-element elementor-element-b2a550d elementor-widget elementor-widget-heading\" data-id=\"b2a550d\" data-element_type=\"widget\" data-e-type=\"widget\" data-widget_type=\"heading.default\">\n\t\t\t\t<div class=\"elementor-widget-container\">\n\t\t\t\t\t<h2 class=\"elementor-heading-title elementor-size-default\">FORCE PROMOTION IM THE MEDIA<\/h2>\t\t\t\t<\/div>\n\t\t\t\t<\/div>\n\t\t\t\t<div class=\"elementor-element elementor-element-4a4df94 elementor-widget elementor-widget-text-editor\" data-id=\"4a4df94\" data-element_type=\"widget\" data-e-type=\"widget\" data-widget_type=\"text-editor.default\">\n\t\t\t\t<div class=\"elementor-widget-container\">\n\t\t\t\t\t\t\t\t\t<p>A number of media outlets have taken an interest in Force Promotion&#8217;s work over the past 30 years, particularly its work in illuminated signs, a veritable institution in Geneva&#8217;s urban landscape.<\/p>\t\t\t\t\t\t\t\t<\/div>\n\t\t\t\t<\/div>\n\t\t<div class=\"elementor-element elementor-element-fb26940 e-con-full e-flex e-con e-child\" data-id=\"fb26940\" data-element_type=\"container\" data-e-type=\"container\" data-settings=\"{&quot;jet_parallax_layout_list&quot;:[]}\">\n\t\t<div class=\"elementor-element elementor-element-d73be17 e-con-full e-flex e-con e-child\" data-id=\"d73be17\" data-element_type=\"container\" data-e-type=\"container\" data-settings=\"{&quot;jet_parallax_layout_list&quot;:[]}\">\n\t\t<div class=\"elementor-element elementor-element-ec42cde e-con-full e-flex e-con e-child\" data-id=\"ec42cde\" data-element_type=\"container\" data-e-type=\"container\" data-settings=\"{&quot;jet_parallax_layout_list&quot;:[]}\">\n\t\t\t\t<div class=\"elementor-element elementor-element-ee805af elementor-widget elementor-widget-heading\" data-id=\"ee805af\" data-element_type=\"widget\" data-e-type=\"widget\" data-widget_type=\"heading.default\">\n\t\t\t\t<div class=\"elementor-widget-container\">\n\t\t\t\t\t<h3 class=\"elementor-heading-title elementor-size-default\">Illuminated signs\nat 13h on TF1<\/h3>\t\t\t\t<\/div>\n\t\t\t\t<\/div>\n\t\t\t\t<div class=\"elementor-element elementor-element-380d462 elementor-widget elementor-widget-text-editor\" data-id=\"380d462\" data-element_type=\"widget\" data-e-type=\"widget\" data-widget_type=\"text-editor.default\">\n\t\t\t\t<div class=\"elementor-widget-container\">\n\t\t\t\t\t\t\t\t\t<p>On 22 November, during a report dedicated to Covid 19, the 1 p.m. news on the French channel TF1 reported on the situation in Geneva. On this occasion, the brands of our advertisers that have a strong presence in the harbourfront were given international exposure. <\/p>\t\t\t\t\t\t\t\t<\/div>\n\t\t\t\t<\/div>\n\t\t\t\t<\/div>\n\t\t<div class=\"elementor-element elementor-element-22cd395 e-con-full e-flex e-con e-child\" data-id=\"22cd395\" data-element_type=\"container\" data-e-type=\"container\" data-settings=\"{&quot;jet_parallax_layout_list&quot;:[]}\">\n\t\t\t\t<div class=\"elementor-element elementor-element-f481108 dce_masking-none elementor-widget elementor-widget-video\" data-id=\"f481108\" data-element_type=\"widget\" data-e-type=\"widget\" data-settings=\"{&quot;youtube_url&quot;:&quot;https:\\\/\\\/youtu.be\\\/mW4mbdFWk9A?si=uYP7WCNd7070kZO3&quot;,&quot;video_type&quot;:&quot;youtube&quot;,&quot;controls&quot;:&quot;yes&quot;}\" data-widget_type=\"video.default\">\n\t\t\t\t<div class=\"elementor-widget-container\">\n\t\t\t\t\t\t\t<div class=\"elementor-wrapper elementor-open-inline\">\n\t\t\t<div class=\"elementor-video\"><\/div>\t\t<\/div>\n\t\t\t\t\t\t<\/div>\n\t\t\t\t<\/div>\n\t\t\t\t<\/div>\n\t\t\t\t<\/div>\n\t\t\t\t<div class=\"elementor-element elementor-element-e72f1f5 elementor-widget-divider--view-line elementor-widget elementor-widget-divider\" data-id=\"e72f1f5\" data-element_type=\"widget\" data-e-type=\"widget\" data-widget_type=\"divider.default\">\n\t\t\t\t<div class=\"elementor-widget-container\">\n\t\t\t\t\t\t\t<div class=\"elementor-divider\">\n\t\t\t<span class=\"elementor-divider-separator\">\n\t\t\t\t\t\t<\/span>\n\t\t<\/div>\n\t\t\t\t\t\t<\/div>\n\t\t\t\t<\/div>\n\t\t<div class=\"elementor-element elementor-element-23650e8 e-con-full e-flex e-con e-child\" data-id=\"23650e8\" data-element_type=\"container\" data-e-type=\"container\" data-settings=\"{&quot;jet_parallax_layout_list&quot;:[]}\">\n\t\t<div class=\"elementor-element elementor-element-5352d50 e-con-full e-flex e-con e-child\" data-id=\"5352d50\" data-element_type=\"container\" data-e-type=\"container\" data-settings=\"{&quot;jet_parallax_layout_list&quot;:[]}\">\n\t\t\t\t<div class=\"elementor-element elementor-element-e74d4dd elementor-widget elementor-widget-heading\" data-id=\"e74d4dd\" data-element_type=\"widget\" data-e-type=\"widget\" data-widget_type=\"heading.default\">\n\t\t\t\t<div class=\"elementor-widget-container\">\n\t\t\t\t\t<h3 class=\"elementor-heading-title elementor-size-default\">Europa Star takes the portrait\nof Force Promotion<\/h3>\t\t\t\t<\/div>\n\t\t\t\t<\/div>\n\t\t\t\t<div class=\"elementor-element elementor-element-75385c0 elementor-widget elementor-widget-text-editor\" data-id=\"75385c0\" data-element_type=\"widget\" data-e-type=\"widget\" data-widget_type=\"text-editor.default\">\n\t\t\t\t<div class=\"elementor-widget-container\">\n\t\t\t\t\t\t\t\t\t<p>In September 2020, Force Promotion was interviewed by Serge Maillard in the columns of the leading Swiss watch magazine Europa Star.<\/p><p>The illuminated signs market in Geneva. Negotiations between building owners and advertisers. Tournus in the harbour&#8217;s illuminated landscape. The new service that lets you control your sign remotely from your smartphone.   <\/p><p>Europa Star has the answers to all your questions. <a href=\"https:\/\/www.europastar.ch\/time-business\/831-geneve-ces-horlogers-qui-brillent-dans-la-rade.html\" target=\"_blank\" rel=\"noopener noreferrer nofollow\">Read the full article here.<\/a><\/p>\t\t\t\t\t\t\t\t<\/div>\n\t\t\t\t<\/div>\n\t\t\t\t<\/div>\n\t\t<div class=\"elementor-element elementor-element-247c4b9 e-con-full e-flex e-con e-child\" data-id=\"247c4b9\" data-element_type=\"container\" data-e-type=\"container\" data-settings=\"{&quot;jet_parallax_layout_list&quot;:[]}\">\n\t\t\t\t<div class=\"elementor-element elementor-element-7406acb dce_masking-none elementor-widget elementor-widget-image\" data-id=\"7406acb\" data-element_type=\"widget\" data-e-type=\"widget\" data-widget_type=\"image.default\">\n\t\t\t\t<div class=\"elementor-widget-container\">\n\t\t\t\t\t\t\t\t\t\t\t\t\t\t\t\t<a href=\"https:\/\/force-promotion.ch\/wp-content\/uploads\/2025\/03\/article-europastar-1.png\" data-elementor-open-lightbox=\"yes\" data-e-action-hash=\"#elementor-action%3Aaction%3Dlightbox%26settings%3DeyJpZCI6NTA1NiwidXJsIjoiaHR0cHM6XC9cL2ZvcmNlLXByb21vdGlvbi5jaFwvd3AtY29udGVudFwvdXBsb2Fkc1wvMjAyNVwvMDNcL2FydGljbGUtZXVyb3Bhc3Rhci0xLnBuZyJ9\">\n\t\t\t\t\t\t\t<img fetchpriority=\"high\" decoding=\"async\" width=\"532\" height=\"632\" src=\"https:\/\/force-promotion.ch\/wp-content\/uploads\/2025\/03\/article-europastar-1.png\" class=\"attachment-full size-full wp-image-5056\" alt=\"Parution presse de Force Promotion dans le magazine Europastar, mettant en lumi\u00e8re son expertise en affichage publicitaire haut de gamme pour les marques horlog\u00e8res \u00e0 Gen\u00e8ve\" srcset=\"https:\/\/force-promotion.ch\/wp-content\/uploads\/2025\/03\/article-europastar-1.png 532w, https:\/\/force-promotion.ch\/wp-content\/uploads\/2025\/03\/article-europastar-1-253x300.png 253w\" sizes=\"(max-width: 532px) 100vw, 532px\" \/>\t\t\t\t\t\t\t\t<\/a>\n\t\t\t\t\t\t\t\t\t\t\t\t\t\t\t<\/div>\n\t\t\t\t<\/div>\n\t\t\t\t<\/div>\n\t\t\t\t<\/div>\n\t\t\t\t<div class=\"elementor-element elementor-element-d1d7d9e elementor-widget-divider--view-line elementor-widget elementor-widget-divider\" data-id=\"d1d7d9e\" data-element_type=\"widget\" data-e-type=\"widget\" data-widget_type=\"divider.default\">\n\t\t\t\t<div class=\"elementor-widget-container\">\n\t\t\t\t\t\t\t<div class=\"elementor-divider\">\n\t\t\t<span class=\"elementor-divider-separator\">\n\t\t\t\t\t\t<\/span>\n\t\t<\/div>\n\t\t\t\t\t\t<\/div>\n\t\t\t\t<\/div>\n\t\t<div class=\"elementor-element elementor-element-52b6f2b e-con-full e-flex e-con e-child\" data-id=\"52b6f2b\" data-element_type=\"container\" data-e-type=\"container\" data-settings=\"{&quot;jet_parallax_layout_list&quot;:[]}\">\n\t\t<div class=\"elementor-element elementor-element-a463bf1 e-con-full e-flex e-con e-child\" data-id=\"a463bf1\" data-element_type=\"container\" data-e-type=\"container\" data-settings=\"{&quot;jet_parallax_layout_list&quot;:[]}\">\n\t\t\t\t<div class=\"elementor-element elementor-element-a43c871 elementor-widget elementor-widget-heading\" data-id=\"a43c871\" data-element_type=\"widget\" data-e-type=\"widget\" data-widget_type=\"heading.default\">\n\t\t\t\t<div class=\"elementor-widget-container\">\n\t\t\t\t\t<h3 class=\"elementor-heading-title elementor-size-default\">RTS goes behind the scenes at Force Promotion<\/h3>\t\t\t\t<\/div>\n\t\t\t\t<\/div>\n\t\t\t\t<div class=\"elementor-element elementor-element-de01256 elementor-widget elementor-widget-text-editor\" data-id=\"de01256\" data-element_type=\"widget\" data-e-type=\"widget\" data-widget_type=\"text-editor.default\">\n\t\t\t\t<div class=\"elementor-widget-container\">\n\t\t\t\t\t\t\t\t\t<p>At the end of 2019, we welcomed Yann Dieuaide, one of the journalists on the programme Toutes Taxes Comprises (TTC) broadcast on RTS, for an interview on the premises of Force Promotion&#8230;<\/p>\t\t\t\t\t\t\t\t<\/div>\n\t\t\t\t<\/div>\n\t\t\t\t<\/div>\n\t\t<div class=\"elementor-element elementor-element-237553e e-con-full e-flex e-con e-child\" data-id=\"237553e\" data-element_type=\"container\" data-e-type=\"container\" data-settings=\"{&quot;jet_parallax_layout_list&quot;:[]}\">\n\t\t\t\t<div class=\"elementor-element elementor-element-03a2dec elementor-widget elementor-widget-text-editor\" data-id=\"03a2dec\" data-element_type=\"widget\" data-e-type=\"widget\" data-widget_type=\"text-editor.default\">\n\t\t\t\t<div class=\"elementor-widget-container\">\n\t\t\t\t\t\t\t\t\t<iframe width=\"560\" height=\"315\" src=\"https:\/\/www.rts.ch\/play\/embed?urn=urn:rts:video:10913222&amp;subdivisions=false\" allowfullscreen=\"\" allow=\"geolocation *; autoplay; encrypted-media\"><\/iframe>\t\t\t\t\t\t\t\t<\/div>\n\t\t\t\t<\/div>\n\t\t\t\t<\/div>\n\t\t\t\t<\/div>\n\t\t\t\t<\/div>\n\t\t\t\t\t<\/div>\n\t\t\t\t<\/div>\n\t\t\t\t<\/div>\n\t\t","protected":false},"excerpt":{"rendered":"<p>Media FORCE PROMOTION IM THE MEDIA A number of media outlets have taken an interest in Force Promotion&#8217;s work over the past 30 years, particularly its work in illuminated signs, a veritable institution in Geneva&#8217;s urban landscape. Illuminated signs at 13h on TF1 On 22 November, during a report dedicated to Covid 19, the 1 [&hellip;]<\/p>\n","protected":false},"author":2,"featured_media":0,"parent":0,"menu_order":0,"comment_status":"closed","ping_status":"closed","template":"elementor_header_footer","meta":{"_seopress_robots_primary_cat":"","_seopress_titles_title":"Force Promotion dans les m\u00e9dias \u2013 Presse & parutions Gen\u00e8ve","_seopress_titles_desc":"Retrouvez les parutions presse de Force Promotion dans les m\u00e9dias suisses. Visibilit\u00e9, projets phares et reconnaissance du secteur publicitaire \u00e0 Gen\u00e8ve. ","_seopress_robots_index":"","_monsterinsights_skip_tracking":false,"_monsterinsights_sitenote_active":false,"_monsterinsights_sitenote_note":"","_monsterinsights_sitenote_category":0,"footnotes":""},"class_list":["post-5242","page","type-page","status-publish","hentry"],"_links":{"self":[{"href":"https:\/\/force-promotion.ch\/en\/wp-json\/wp\/v2\/pages\/5242","targetHints":{"allow":["GET"]}}],"collection":[{"href":"https:\/\/force-promotion.ch\/en\/wp-json\/wp\/v2\/pages"}],"about":[{"href":"https:\/\/force-promotion.ch\/en\/wp-json\/wp\/v2\/types\/page"}],"author":[{"embeddable":true,"href":"https:\/\/force-promotion.ch\/en\/wp-json\/wp\/v2\/users\/2"}],"replies":[{"embeddable":true,"href":"https:\/\/force-promotion.ch\/en\/wp-json\/wp\/v2\/comments?post=5242"}],"version-history":[{"count":0,"href":"https:\/\/force-promotion.ch\/en\/wp-json\/wp\/v2\/pages\/5242\/revisions"}],"wp:attachment":[{"href":"https:\/\/force-promotion.ch\/en\/wp-json\/wp\/v2\/media?parent=5242"}],"curies":[{"name":"wp","href":"https:\/\/api.w.org\/{rel}","templated":true}]}}